{"id":84,"date":"2020-03-15T16:44:54","date_gmt":"2020-03-15T14:44:54","guid":{"rendered":"http:\/\/www.mbpproduction.com\/?page_id=84"},"modified":"2021-04-07T18:13:26","modified_gmt":"2021-04-07T15:13:26","slug":"kameravalvonta","status":"publish","type":"page","link":"https:\/\/www.mbpproduction.com\/?page_id=84","title":{"rendered":"KAMERAVALVONTA"},"content":{"rendered":"<p>Toteutamme kameravalvontaj\u00e4rjestelmi\u00e4 kaikenkokoisiin kohteisiin aina yhden kameran j\u00e4rjestelm\u00e4st\u00e4 kymmenien kameroiden et\u00e4valvottuihin j\u00e4rjestelmiin asti niin yksityisille kuin yrityksille ja yhteis\u00f6ille.<\/p>\n<p>Olemme asentaneet kameraj\u00e4rjestelmi\u00e4 1990-luvun loppupuolelta asti.<\/p>\n<p>Asiakkaitamme: Saarioinen Keskusl\u00e4hett\u00e4m\u00f6, K-kauppoja, huoltoasemia, taloyhti\u00f6it\u00e4, Hotelli Waltikka, useita ravintoloita&#8230;<\/p>\n<p>K\u00e4yt\u00e4mme asennuksissa laadukkaita laitteita, joilla on tunnettu Suomalainen maahantuoja, joka takaa teknisen tuen ja takuuasioiden sujumisen hyvin.<\/p>\n\n\n<p>Meilt\u00e4 saat Dahuan, Vivotecin, Pelcon, Panasonicin ja monen muun valmistajan kameraj\u00e4rjestelmi\u00e4.<\/p>\n\n\n\n<p>Uudet kamerat tuottavat eritt\u00e4in laadukasta kuvaa, parhaimmillaan p\u00e4\u00e4st\u00e4\u00e4 8K tasolle, kevyimmill\u00e4\u00e4nkin ollaan Full HD tasoisessa kuvassa. <\/p>\n","protected":false},"excerpt":{"rendered":"<p>Toteutamme kameravalvontaj\u00e4rjestelmi\u00e4 kaikenkokoisiin kohteisiin aina yhden kameran j\u00e4rjestelm\u00e4st\u00e4 kymmenien kameroiden et\u00e4valvottuihin j\u00e4rjestelmiin asti niin yksityisille kuin yrityksille ja yhteis\u00f6ille. Olemme asentaneet kameraj\u00e4rjestelmi\u00e4 1990-luvun loppupuolelta asti. Asiakkaitamme: Saarioinen Keskusl\u00e4hett\u00e4m\u00f6, K-kauppoja, huoltoasemia, taloyhti\u00f6it\u00e4, Hotelli Waltikka, useita ravintoloita&#8230; K\u00e4yt\u00e4mme asennuksissa laadukkaita laitteita, joilla on tunnettu Suomalainen maahantuoja, joka takaa teknisen tuen ja takuuasioiden sujumisen hyvin. Meilt\u00e4 saat Dahuan, &hellip; <a href=\"https:\/\/www.mbpproduction.com\/?page_id=84\" class=\"more-link\">Jatka lukemista <span class=\"screen-reader-text\">KAMERAVALVONTA<\/span> <span class=\"meta-nav\">&rarr;<\/span><\/a><\/p>\n","protected":false},"author":1,"featured_media":0,"parent":0,"menu_order":0,"comment_status":"closed","ping_status":"closed","template":"","meta":{"footnotes":""},"class_list":["post-84","page","type-page","status-publish","hentry"],"_links":{"self":[{"href":"https:\/\/www.mbpproduction.com\/index.php?rest_route=\/wp\/v2\/pages\/84","targetHints":{"allow":["GET"]}}],"collection":[{"href":"https:\/\/www.mbpproduction.com\/index.php?rest_route=\/wp\/v2\/pages"}],"about":[{"href":"https:\/\/www.mbpproduction.com\/index.php?rest_route=\/wp\/v2\/types\/page"}],"author":[{"embeddable":true,"href":"https:\/\/www.mbpproduction.com\/index.php?rest_route=\/wp\/v2\/users\/1"}],"replies":[{"embeddable":true,"href":"https:\/\/www.mbpproduction.com\/index.php?rest_route=%2Fwp%2Fv2%2Fcomments&post=84"}],"version-history":[{"count":3,"href":"https:\/\/www.mbpproduction.com\/index.php?rest_route=\/wp\/v2\/pages\/84\/revisions"}],"predecessor-version":[{"id":115,"href":"https:\/\/www.mbpproduction.com\/index.php?rest_route=\/wp\/v2\/pages\/84\/revisions\/115"}],"wp:attachment":[{"href":"https:\/\/www.mbpproduction.com\/index.php?rest_route=%2Fwp%2Fv2%2Fmedia&parent=84"}],"curies":[{"name":"wp","href":"https:\/\/api.w.org\/{rel}","templated":true}]}}