{"id":50,"date":"2016-06-05T18:38:18","date_gmt":"2016-06-05T15:38:18","guid":{"rendered":"http:\/\/www.mbpproduction.com\/?page_id=50"},"modified":"2016-06-05T18:38:18","modified_gmt":"2016-06-05T15:38:18","slug":"paloilmoittimet","status":"publish","type":"page","link":"https:\/\/www.mbpproduction.com\/?page_id=50","title":{"rendered":"PALOILMOITTIMET"},"content":{"rendered":"<p>Olemme olleet paloilmoitinliike jo vuodesta 2005 alkaen.<\/p>\n<p>Olemme Schneider Electric ESMI:n ja Hedengrenin Prodex -keskusten asennus- ja huolto-partneriliike.<\/p>\n<p>Huollamme my\u00f6s Lismar:in\u00a0sek\u00e4 muiden merkkien keskuksia.<\/p>\n<p>Saatte meilt\u00e4 palveluina:<\/p>\n<ul>\n<li>uusien j\u00e4rjestelmien suunnittelun<\/li>\n<li>uusien j\u00e4rjestelmien asennuksen<\/li>\n<li>olemassa olevien j\u00e4rjestelmien modernisoinnin<\/li>\n<li>uusien ja vanhojen j\u00e4rjestelmien lain vaatimat vuosihuoltosopimukset<\/li>\n<li>kuukausikokeilut<\/li>\n<li>konsultoinnin<\/li>\n<\/ul>\n","protected":false},"excerpt":{"rendered":"<p>Olemme olleet paloilmoitinliike jo vuodesta 2005 alkaen. Olemme Schneider Electric ESMI:n ja Hedengrenin Prodex -keskusten asennus- ja huolto-partneriliike. Huollamme my\u00f6s Lismar:in\u00a0sek\u00e4 muiden merkkien keskuksia. Saatte meilt\u00e4 palveluina: uusien j\u00e4rjestelmien suunnittelun uusien j\u00e4rjestelmien asennuksen olemassa olevien j\u00e4rjestelmien modernisoinnin uusien ja vanhojen j\u00e4rjestelmien lain vaatimat vuosihuoltosopimukset kuukausikokeilut konsultoinnin<\/p>\n","protected":false},"author":1,"featured_media":51,"parent":0,"menu_order":0,"comment_status":"closed","ping_status":"closed","template":"","meta":{"footnotes":""},"class_list":["post-50","page","type-page","status-publish","has-post-thumbnail","hentry"],"_links":{"self":[{"href":"https:\/\/www.mbpproduction.com\/index.php?rest_route=\/wp\/v2\/pages\/50","targetHints":{"allow":["GET"]}}],"collection":[{"href":"https:\/\/www.mbpproduction.com\/index.php?rest_route=\/wp\/v2\/pages"}],"about":[{"href":"https:\/\/www.mbpproduction.com\/index.php?rest_route=\/wp\/v2\/types\/page"}],"author":[{"embeddable":true,"href":"https:\/\/www.mbpproduction.com\/index.php?rest_route=\/wp\/v2\/users\/1"}],"replies":[{"embeddable":true,"href":"https:\/\/www.mbpproduction.com\/index.php?rest_route=%2Fwp%2Fv2%2Fcomments&post=50"}],"version-history":[{"count":1,"href":"https:\/\/www.mbpproduction.com\/index.php?rest_route=\/wp\/v2\/pages\/50\/revisions"}],"predecessor-version":[{"id":52,"href":"https:\/\/www.mbpproduction.com\/index.php?rest_route=\/wp\/v2\/pages\/50\/revisions\/52"}],"wp:featuredmedia":[{"embeddable":true,"href":"https:\/\/www.mbpproduction.com\/index.php?rest_route=\/wp\/v2\/media\/51"}],"wp:attachment":[{"href":"https:\/\/www.mbpproduction.com\/index.php?rest_route=%2Fwp%2Fv2%2Fmedia&parent=50"}],"curies":[{"name":"wp","href":"https:\/\/api.w.org\/{rel}","templated":true}]}}