{"id":116,"date":"2021-04-07T18:22:56","date_gmt":"2021-04-07T15:22:56","guid":{"rendered":"http:\/\/www.mbpproduction.com\/?page_id=116"},"modified":"2021-04-07T18:22:56","modified_gmt":"2021-04-07T15:22:56","slug":"aanentoisto-ja-valotekniikka","status":"publish","type":"page","link":"https:\/\/www.mbpproduction.com\/?page_id=116","title":{"rendered":"\u00e4\u00e4nentoisto- ja valotekniikka"},"content":{"rendered":"\n<p>MBP Productionin toiminta alkoi aikanaan disco-puuhastelusta 1980-luvun lopulla. Siit\u00e4 olemme kasvaneen festari-tekniikkaa toimittamaan pystyv\u00e4ksi taloksi.<\/p>\n\n\n\n<p>Meilt\u00e4 saat vuokralle yhden mikrofonin tai kaiuttimen kuin 5000 hengen festaritekniikan \u00e4\u00e4nentoiston, valot ja lavarakenteet ja kaikkea silt\u00e4 v\u00e4lilt\u00e4.<\/p>\n\n\n\n<p>Meilt\u00e4 l\u00f6ytyy kaiutinvaihtoehtoja 250 W aktiivikaiuttimesta aina l\u00e4hes 50 kW:n festari PA:han, miksereit\u00e4 l\u00f6ytyy siit\u00e4 pienest\u00e4 parikanavaisesta yli 120 kanavaa miksaaviin j\u00e4reisiin digimiksereihin lavarasioineen asti, lamppuja on kymmeni\u00e4 erilaisia ja niille modernit valotiskit. Lavakin l\u00f6ytyy kattoineen 10&#215;8 metri\u00e4.<\/p>\n","protected":false},"excerpt":{"rendered":"<p>MBP Productionin toiminta alkoi aikanaan disco-puuhastelusta 1980-luvun lopulla. Siit\u00e4 olemme kasvaneen festari-tekniikkaa toimittamaan pystyv\u00e4ksi taloksi. Meilt\u00e4 saat vuokralle yhden mikrofonin tai kaiuttimen kuin 5000 hengen festaritekniikan \u00e4\u00e4nentoiston, valot ja lavarakenteet ja kaikkea silt\u00e4 v\u00e4lilt\u00e4. Meilt\u00e4 l\u00f6ytyy kaiutinvaihtoehtoja 250 W aktiivikaiuttimesta aina l\u00e4hes 50 kW:n festari PA:han, miksereit\u00e4 l\u00f6ytyy siit\u00e4 pienest\u00e4 parikanavaisesta yli 120 kanavaa miksaaviin &hellip; <a href=\"https:\/\/www.mbpproduction.com\/?page_id=116\" class=\"more-link\">Jatka lukemista <span class=\"screen-reader-text\">\u00e4\u00e4nentoisto- ja valotekniikka<\/span> <span class=\"meta-nav\">&rarr;<\/span><\/a><\/p>\n","protected":false},"author":1,"featured_media":0,"parent":0,"menu_order":0,"comment_status":"closed","ping_status":"closed","template":"","meta":{"footnotes":""},"class_list":["post-116","page","type-page","status-publish","hentry"],"_links":{"self":[{"href":"https:\/\/www.mbpproduction.com\/index.php?rest_route=\/wp\/v2\/pages\/116","targetHints":{"allow":["GET"]}}],"collection":[{"href":"https:\/\/www.mbpproduction.com\/index.php?rest_route=\/wp\/v2\/pages"}],"about":[{"href":"https:\/\/www.mbpproduction.com\/index.php?rest_route=\/wp\/v2\/types\/page"}],"author":[{"embeddable":true,"href":"https:\/\/www.mbpproduction.com\/index.php?rest_route=\/wp\/v2\/users\/1"}],"replies":[{"embeddable":true,"href":"https:\/\/www.mbpproduction.com\/index.php?rest_route=%2Fwp%2Fv2%2Fcomments&post=116"}],"version-history":[{"count":1,"href":"https:\/\/www.mbpproduction.com\/index.php?rest_route=\/wp\/v2\/pages\/116\/revisions"}],"predecessor-version":[{"id":117,"href":"https:\/\/www.mbpproduction.com\/index.php?rest_route=\/wp\/v2\/pages\/116\/revisions\/117"}],"wp:attachment":[{"href":"https:\/\/www.mbpproduction.com\/index.php?rest_route=%2Fwp%2Fv2%2Fmedia&parent=116"}],"curies":[{"name":"wp","href":"https:\/\/api.w.org\/{rel}","templated":true}]}}