{"id":100,"date":"2020-03-15T16:57:03","date_gmt":"2020-03-15T14:57:03","guid":{"rendered":"http:\/\/www.mbpproduction.com\/?page_id=100"},"modified":"2020-03-15T16:57:03","modified_gmt":"2020-03-15T14:57:03","slug":"turvatekniikka","status":"publish","type":"page","link":"https:\/\/www.mbpproduction.com\/?page_id=100","title":{"rendered":"TURVATEKNIIKKA"},"content":{"rendered":"\n<p>Yrityksell\u00e4mme on Poliisin my\u00f6nt\u00e4m\u00e4 ja valvoma yksityisen turvallisuusalan elinkeinolupa, joka takaa luotettavuuden toiminnassamme, voitte luottaa siihen, ett\u00e4 toimittamamme turvallisuustekniset j\u00e4rjestelm\u00e4t toimivat niin kuin ne on tarkoitettu toimia ja t\u00e4ytt\u00e4v\u00e4t vaaditut normit ja m\u00e4\u00e4r\u00e4ykset, niin s\u00e4hk\u00f6turvallisuuden kuin tietoturvallisuudenkin osalta.<\/p>\n\n\n\n<p>K\u00e4ytt\u00e4mi\u00e4mme tuotemerkkej\u00e4 on esimerkiksi DSC, Hedengren HHL, ESMI.<\/p>\n","protected":false},"excerpt":{"rendered":"<p>Yrityksell\u00e4mme on Poliisin my\u00f6nt\u00e4m\u00e4 ja valvoma yksityisen turvallisuusalan elinkeinolupa, joka takaa luotettavuuden toiminnassamme, voitte luottaa siihen, ett\u00e4 toimittamamme turvallisuustekniset j\u00e4rjestelm\u00e4t toimivat niin kuin ne on tarkoitettu toimia ja t\u00e4ytt\u00e4v\u00e4t vaaditut normit ja m\u00e4\u00e4r\u00e4ykset, niin s\u00e4hk\u00f6turvallisuuden kuin tietoturvallisuudenkin osalta. K\u00e4ytt\u00e4mi\u00e4mme tuotemerkkej\u00e4 on esimerkiksi DSC, Hedengren HHL, ESMI.<\/p>\n","protected":false},"author":1,"featured_media":0,"parent":0,"menu_order":0,"comment_status":"closed","ping_status":"closed","template":"","meta":{"footnotes":""},"class_list":["post-100","page","type-page","status-publish","hentry"],"_links":{"self":[{"href":"https:\/\/www.mbpproduction.com\/index.php?rest_route=\/wp\/v2\/pages\/100","targetHints":{"allow":["GET"]}}],"collection":[{"href":"https:\/\/www.mbpproduction.com\/index.php?rest_route=\/wp\/v2\/pages"}],"about":[{"href":"https:\/\/www.mbpproduction.com\/index.php?rest_route=\/wp\/v2\/types\/page"}],"author":[{"embeddable":true,"href":"https:\/\/www.mbpproduction.com\/index.php?rest_route=\/wp\/v2\/users\/1"}],"replies":[{"embeddable":true,"href":"https:\/\/www.mbpproduction.com\/index.php?rest_route=%2Fwp%2Fv2%2Fcomments&post=100"}],"version-history":[{"count":2,"href":"https:\/\/www.mbpproduction.com\/index.php?rest_route=\/wp\/v2\/pages\/100\/revisions"}],"predecessor-version":[{"id":102,"href":"https:\/\/www.mbpproduction.com\/index.php?rest_route=\/wp\/v2\/pages\/100\/revisions\/102"}],"wp:attachment":[{"href":"https:\/\/www.mbpproduction.com\/index.php?rest_route=%2Fwp%2Fv2%2Fmedia&parent=100"}],"curies":[{"name":"wp","href":"https:\/\/api.w.org\/{rel}","templated":true}]}}